{"id":167,"date":"2025-05-13T15:06:25","date_gmt":"2025-05-13T13:06:25","guid":{"rendered":"https:\/\/asbondy.asso.fr\/?page_id=167"},"modified":"2025-05-14T16:23:12","modified_gmt":"2025-05-14T14:23:12","slug":"sinscrire","status":"publish","type":"page","link":"https:\/\/asbondy.asso.fr\/","title":{"rendered":"Inscription"},"content":{"rendered":"<p>Club Omnisports cr\u00e9\u00e9 en 1978 o\u00f9 est regroup\u00e9 depuis cette date la majorit\u00e9 des activit\u00e9s sportives de la ville de Bondy.<\/p><p>L&rsquo;A.S. Bondy aujourd&rsquo;hui, c&rsquo;est une vingtaine d&rsquo;activit\u00e9s sportives diff\u00e9rentes et plus de 3700 adh\u00e9rents. De la pratique individuelle aux sports d&rsquo;\u00e9quipe, de l&rsquo;activit\u00e9 de loisirs \u00e0 la comp\u00e9tition de haut niveau, vous trouverez j&rsquo;en suis certain la mani\u00e8re de satisfaire vos envies.<\/p><p>Alors n&rsquo;h\u00e9sitez pas et venez nous rejoindre au sein de l&rsquo;A.S. Bondy !<\/p><p><\/p>","protected":false},"excerpt":{"rendered":"<p>Club Omnisports cr\u00e9\u00e9 en 1978 o\u00f9 est regroup\u00e9 depuis cette date la majorit\u00e9 des activit\u00e9s sportives de la ville de [&hellip;]<\/p>\n","protected":false},"author":1,"featured_media":0,"parent":0,"menu_order":0,"comment_status":"closed","ping_status":"closed","template":"","meta":{"site-sidebar-layout":"default","site-content-layout":"","ast-site-content-layout":"","site-content-style":"default","site-sidebar-style":"default","ast-global-header-display":"","ast-banner-title-visibility":"","ast-main-header-display":"","ast-hfb-above-header-display":"","ast-hfb-below-header-display":"","ast-hfb-mobile-header-display":"","site-post-title":"","ast-breadcrumbs-content":"","ast-featured-img":"","footer-sml-layout":"","theme-transparent-header-meta":"","adv-header-id-meta":"","stick-header-meta":"","header-above-stick-meta":"","header-main-stick-meta":"","header-below-stick-meta":"","astra-migrate-meta-layouts":"default","ast-page-background-enabled":"default","ast-page-background-meta":{"desktop":{"background-color":"var(--ast-global-color-5)","background-image":"","background-repeat":"repeat","background-position":"center center","background-size":"auto","background-attachment":"scroll","background-type":"","background-media":"","overlay-type":"","overlay-color":"","overlay-opacity":"","overlay-gradient":""},"tablet":{"background-color":"","background-image":"","background-repeat":"repeat","background-position":"center center","background-size":"auto","background-attachment":"scroll","background-type":"","background-media":"","overlay-type":"","overlay-color":"","overlay-opacity":"","overlay-gradient":""},"mobile":{"background-color":"","background-image":"","background-repeat":"repeat","background-position":"center center","background-size":"auto","background-attachment":"scroll","background-type":"","background-media":"","overlay-type":"","overlay-color":"","overlay-opacity":"","overlay-gradient":""}},"ast-content-background-meta":{"desktop":{"background-color":"var(--ast-global-color-4)","background-image":"","background-repeat":"repeat","background-position":"center center","background-size":"auto","background-attachment":"scroll","background-type":"","background-media":"","overlay-type":"","overlay-color":"","overlay-opacity":"","overlay-gradient":""},"tablet":{"background-color":"var(--ast-global-color-4)","background-image":"","background-repeat":"repeat","background-position":"center center","background-size":"auto","background-attachment":"scroll","background-type":"","background-media":"","overlay-type":"","overlay-color":"","overlay-opacity":"","overlay-gradient":""},"mobile":{"background-color":"var(--ast-global-color-4)","background-image":"","background-repeat":"repeat","background-position":"center center","background-size":"auto","background-attachment":"scroll","background-type":"","background-media":"","overlay-type":"","overlay-color":"","overlay-opacity":"","overlay-gradient":""}},"footnotes":""},"class_list":["post-167","page","type-page","status-publish","hentry"],"_links":{"self":[{"href":"https:\/\/asbondy.asso.fr\/index.php\/wp-json\/wp\/v2\/pages\/167","targetHints":{"allow":["GET"]}}],"collection":[{"href":"https:\/\/asbondy.asso.fr\/index.php\/wp-json\/wp\/v2\/pages"}],"about":[{"href":"https:\/\/asbondy.asso.fr\/index.php\/wp-json\/wp\/v2\/types\/page"}],"author":[{"embeddable":true,"href":"https:\/\/asbondy.asso.fr\/index.php\/wp-json\/wp\/v2\/users\/1"}],"replies":[{"embeddable":true,"href":"https:\/\/asbondy.asso.fr\/index.php\/wp-json\/wp\/v2\/comments?post=167"}],"version-history":[{"count":3,"href":"https:\/\/asbondy.asso.fr\/index.php\/wp-json\/wp\/v2\/pages\/167\/revisions"}],"predecessor-version":[{"id":231,"href":"https:\/\/asbondy.asso.fr\/index.php\/wp-json\/wp\/v2\/pages\/167\/revisions\/231"}],"wp:attachment":[{"href":"https:\/\/asbondy.asso.fr\/index.php\/wp-json\/wp\/v2\/media?parent=167"}],"curies":[{"name":"wp","href":"https:\/\/api.w.org\/{rel}","templated":true}]}}