{"id":156,"date":"2025-05-13T14:59:11","date_gmt":"2025-05-13T12:59:11","guid":{"rendered":"https:\/\/asbondy.asso.fr\/?page_id=156"},"modified":"2025-05-14T16:37:03","modified_gmt":"2025-05-14T14:37:03","slug":"volley-ball","status":"publish","type":"page","link":"https:\/\/asbondy.asso.fr\/index.php\/volley-ball\/","title":{"rendered":"Volley-ball"},"content":{"rendered":"<p>Le volley-ball, est un sport collectif mettant en jeu deux \u00e9quipes de six joueurs s\u00e9par\u00e9s par un filet, qui s&rsquo;affrontent avec un ballon sur un terrain rectangulaire de 18 m\u00e8tres de long sur 9 m\u00e8tres de large.<\/p><p>Le nombre de joueurs et les dimensions du terrain et les ballons s&rsquo;adaptent \u00e0 l&rsquo;\u00e2ge des jeunes pour un meilleur plaisir de jeu.<\/p><p>Avec 269 millions de pratiquants, il s&rsquo;agit d&rsquo;un des sports les plus pratiqu\u00e9s dans le monde.<\/p><p>\u200b<\/p><p>On a aussi le Beach-Volley qui se joue \u00e0 2 contre 2 et sur le sable.<\/p>","protected":false},"excerpt":{"rendered":"<p>Le volley-ball, est un sport collectif mettant en jeu deux \u00e9quipes de six joueurs s\u00e9par\u00e9s par un filet, qui s&rsquo;affrontent [&hellip;]<\/p>\n","protected":false},"author":1,"featured_media":0,"parent":0,"menu_order":6,"comment_status":"closed","ping_status":"closed","template":"","meta":{"site-sidebar-layout":"default","site-content-layout":"","ast-site-content-layout":"","site-content-style":"default","site-sidebar-style":"default","ast-global-header-display":"","ast-banner-title-visibility":"","ast-main-header-display":"","ast-hfb-above-header-display":"","ast-hfb-below-header-display":"","ast-hfb-mobile-header-display":"","site-post-title":"","ast-breadcrumbs-content":"","ast-featured-img":"","footer-sml-layout":"","theme-transparent-header-meta":"","adv-header-id-meta":"","stick-header-meta":"","header-above-stick-meta":"","header-main-stick-meta":"","header-below-stick-meta":"","astra-migrate-meta-layouts":"default","ast-page-background-enabled":"default","ast-page-background-meta":{"desktop":{"background-color":"var(--ast-global-color-5)","background-image":"","background-repeat":"repeat","background-position":"center center","background-size":"auto","background-attachment":"scroll","background-type":"","background-media":"","overlay-type":"","overlay-color":"","overlay-opacity":"","overlay-gradient":""},"tablet":{"background-color":"","background-image":"","background-repeat":"repeat","background-position":"center center","background-size":"auto","background-attachment":"scroll","background-type":"","background-media":"","overlay-type":"","overlay-color":"","overlay-opacity":"","overlay-gradient":""},"mobile":{"background-color":"","background-image":"","background-repeat":"repeat","background-position":"center center","background-size":"auto","background-attachment":"scroll","background-type":"","background-media":"","overlay-type":"","overlay-color":"","overlay-opacity":"","overlay-gradient":""}},"ast-content-background-meta":{"desktop":{"background-color":"var(--ast-global-color-4)","background-image":"","background-repeat":"repeat","background-position":"center center","background-size":"auto","background-attachment":"scroll","background-type":"","background-media":"","overlay-type":"","overlay-color":"","overlay-opacity":"","overlay-gradient":""},"tablet":{"background-color":"var(--ast-global-color-4)","background-image":"","background-repeat":"repeat","background-position":"center center","background-size":"auto","background-attachment":"scroll","background-type":"","background-media":"","overlay-type":"","overlay-color":"","overlay-opacity":"","overlay-gradient":""},"mobile":{"background-color":"var(--ast-global-color-4)","background-image":"","background-repeat":"repeat","background-position":"center center","background-size":"auto","background-attachment":"scroll","background-type":"","background-media":"","overlay-type":"","overlay-color":"","overlay-opacity":"","overlay-gradient":""}},"footnotes":""},"class_list":["post-156","page","type-page","status-publish","hentry"],"_links":{"self":[{"href":"https:\/\/asbondy.asso.fr\/index.php\/wp-json\/wp\/v2\/pages\/156","targetHints":{"allow":["GET"]}}],"collection":[{"href":"https:\/\/asbondy.asso.fr\/index.php\/wp-json\/wp\/v2\/pages"}],"about":[{"href":"https:\/\/asbondy.asso.fr\/index.php\/wp-json\/wp\/v2\/types\/page"}],"author":[{"embeddable":true,"href":"https:\/\/asbondy.asso.fr\/index.php\/wp-json\/wp\/v2\/users\/1"}],"replies":[{"embeddable":true,"href":"https:\/\/asbondy.asso.fr\/index.php\/wp-json\/wp\/v2\/comments?post=156"}],"version-history":[{"count":2,"href":"https:\/\/asbondy.asso.fr\/index.php\/wp-json\/wp\/v2\/pages\/156\/revisions"}],"predecessor-version":[{"id":245,"href":"https:\/\/asbondy.asso.fr\/index.php\/wp-json\/wp\/v2\/pages\/156\/revisions\/245"}],"wp:attachment":[{"href":"https:\/\/asbondy.asso.fr\/index.php\/wp-json\/wp\/v2\/media?parent=156"}],"curies":[{"name":"wp","href":"https:\/\/api.w.org\/{rel}","templated":true}]}}