{"id":154,"date":"2025-05-13T14:58:31","date_gmt":"2025-05-13T12:58:31","guid":{"rendered":"https:\/\/asbondy.asso.fr\/?page_id=154"},"modified":"2025-05-14T16:28:58","modified_gmt":"2025-05-14T14:28:58","slug":"boxe-anglaise","status":"publish","type":"page","link":"https:\/\/asbondy.asso.fr\/index.php\/boxe-anglaise\/","title":{"rendered":"Boxe Anglaise"},"content":{"rendered":"<p>La boxe est un&nbsp;<a href=\"https:\/\/fr.wikipedia.org\/wiki\/Sport_de_combat\" target=\"_blank\" rel=\"noreferrer noopener\">sport de combat<\/a>&nbsp;pratiqu\u00e9 depuis le XVIII<a href=\"https:\/\/fr.wikipedia.org\/wiki\/XVIIIe_si%C3%A8cle\" target=\"_blank\" rel=\"noreferrer noopener\">e si\u00e8cle<\/a>&nbsp;\u00e0 un contre un, qui recourt a des frappes de percussion \u00e0 l&rsquo;aide de gants matelass\u00e9s.<\/p><p>La boxe ne se r\u00e9sume pas \u00e0 un affrontement violent comme nous le montre quelques fois la t\u00e9l\u00e9vision.<br>La boxe \u00e9ducative, mise en place par la F\u00e9d\u00e9ration Fran\u00e7aise de Boxe en 1970, permet d&rsquo;acqu\u00e9rir et de ma\u00eetriser les gestes du boxeur en \u00e9cartant le risque du coup dur (Le K.O est interdit).<\/p><p>L&rsquo;AS BONDY vous propose de la boxe \u00e9ducative, f\u00e9minine, loisir et amateur.<\/p><p><\/p>","protected":false},"excerpt":{"rendered":"<p>La boxe est un&nbsp;sport de combat&nbsp;pratiqu\u00e9 depuis le XVIIIe si\u00e8cle&nbsp;\u00e0 un contre un, qui recourt a des frappes de percussion [&hellip;]<\/p>\n","protected":false},"author":1,"featured_media":0,"parent":0,"menu_order":8,"comment_status":"closed","ping_status":"closed","template":"","meta":{"site-sidebar-layout":"default","site-content-layout":"","ast-site-content-layout":"","site-content-style":"default","site-sidebar-style":"default","ast-global-header-display":"","ast-banner-title-visibility":"","ast-main-header-display":"","ast-hfb-above-header-display":"","ast-hfb-below-header-display":"","ast-hfb-mobile-header-display":"","site-post-title":"","ast-breadcrumbs-content":"","ast-featured-img":"","footer-sml-layout":"","theme-transparent-header-meta":"","adv-header-id-meta":"","stick-header-meta":"","header-above-stick-meta":"","header-main-stick-meta":"","header-below-stick-meta":"","astra-migrate-meta-layouts":"default","ast-page-background-enabled":"default","ast-page-background-meta":{"desktop":{"background-color":"var(--ast-global-color-5)","background-image":"","background-repeat":"repeat","background-position":"center center","background-size":"auto","background-attachment":"scroll","background-type":"","background-media":"","overlay-type":"","overlay-color":"","overlay-opacity":"","overlay-gradient":""},"tablet":{"background-color":"","background-image":"","background-repeat":"repeat","background-position":"center center","background-size":"auto","background-attachment":"scroll","background-type":"","background-media":"","overlay-type":"","overlay-color":"","overlay-opacity":"","overlay-gradient":""},"mobile":{"background-color":"","background-image":"","background-repeat":"repeat","background-position":"center center","background-size":"auto","background-attachment":"scroll","background-type":"","background-media":"","overlay-type":"","overlay-color":"","overlay-opacity":"","overlay-gradient":""}},"ast-content-background-meta":{"desktop":{"background-color":"var(--ast-global-color-4)","background-image":"","background-repeat":"repeat","background-position":"center center","background-size":"auto","background-attachment":"scroll","background-type":"","background-media":"","overlay-type":"","overlay-color":"","overlay-opacity":"","overlay-gradient":""},"tablet":{"background-color":"var(--ast-global-color-4)","background-image":"","background-repeat":"repeat","background-position":"center center","background-size":"auto","background-attachment":"scroll","background-type":"","background-media":"","overlay-type":"","overlay-color":"","overlay-opacity":"","overlay-gradient":""},"mobile":{"background-color":"var(--ast-global-color-4)","background-image":"","background-repeat":"repeat","background-position":"center center","background-size":"auto","background-attachment":"scroll","background-type":"","background-media":"","overlay-type":"","overlay-color":"","overlay-opacity":"","overlay-gradient":""}},"footnotes":""},"class_list":["post-154","page","type-page","status-publish","hentry"],"_links":{"self":[{"href":"https:\/\/asbondy.asso.fr\/index.php\/wp-json\/wp\/v2\/pages\/154","targetHints":{"allow":["GET"]}}],"collection":[{"href":"https:\/\/asbondy.asso.fr\/index.php\/wp-json\/wp\/v2\/pages"}],"about":[{"href":"https:\/\/asbondy.asso.fr\/index.php\/wp-json\/wp\/v2\/types\/page"}],"author":[{"embeddable":true,"href":"https:\/\/asbondy.asso.fr\/index.php\/wp-json\/wp\/v2\/users\/1"}],"replies":[{"embeddable":true,"href":"https:\/\/asbondy.asso.fr\/index.php\/wp-json\/wp\/v2\/comments?post=154"}],"version-history":[{"count":2,"href":"https:\/\/asbondy.asso.fr\/index.php\/wp-json\/wp\/v2\/pages\/154\/revisions"}],"predecessor-version":[{"id":238,"href":"https:\/\/asbondy.asso.fr\/index.php\/wp-json\/wp\/v2\/pages\/154\/revisions\/238"}],"wp:attachment":[{"href":"https:\/\/asbondy.asso.fr\/index.php\/wp-json\/wp\/v2\/media?parent=154"}],"curies":[{"name":"wp","href":"https:\/\/api.w.org\/{rel}","templated":true}]}}