{"id":150,"date":"2025-05-13T14:57:11","date_gmt":"2025-05-13T12:57:11","guid":{"rendered":"https:\/\/asbondy.asso.fr\/?page_id=150"},"modified":"2025-05-14T16:36:07","modified_gmt":"2025-05-14T14:36:07","slug":"tennis","status":"publish","type":"page","link":"https:\/\/asbondy.asso.fr\/index.php\/tennis\/","title":{"rendered":"Tennis"},"content":{"rendered":"<p>La section \u00ab Tennis \u00bb est affili\u00e9e \u00e0 la FFT et compte pr\u00e8s de 600 licenci\u00e9s dont la moiti\u00e9 en \u00e9cole de tennis : Plusieurs \u00e9quipes repr\u00e9sentent le club dans les diverses comp\u00e9tions : locales, r\u00e9gionales, nationales.<\/p><p>Quelques joueurs issus de l\u2019\u00e9cole de tennis ont brillamment particip\u00e9 \u00e0 des comp\u00e9titions internationales soit \u00e0 titre individuel ou soit en \u00e9quipe La section b\u00e9n\u00e9ficie d\u2019un encadrement de qualit\u00e9, enseignants dipl\u00f4m\u00e9s tant pour l\u2019\u00e9cole de tennis que pour les cours individuels.<\/p><p>Des cours collectifs (adultes) sont possibles pendant toute l\u2019ann\u00e9e et des stages sont propos\u00e9s durant les vacances scolaires.<\/p>","protected":false},"excerpt":{"rendered":"<p>La section \u00ab Tennis \u00bb est affili\u00e9e \u00e0 la FFT et compte pr\u00e8s de 600 licenci\u00e9s dont la moiti\u00e9 en [&hellip;]<\/p>\n","protected":false},"author":1,"featured_media":0,"parent":0,"menu_order":7,"comment_status":"closed","ping_status":"closed","template":"","meta":{"site-sidebar-layout":"default","site-content-layout":"","ast-site-content-layout":"","site-content-style":"default","site-sidebar-style":"default","ast-global-header-display":"","ast-banner-title-visibility":"","ast-main-header-display":"","ast-hfb-above-header-display":"","ast-hfb-below-header-display":"","ast-hfb-mobile-header-display":"","site-post-title":"","ast-breadcrumbs-content":"","ast-featured-img":"","footer-sml-layout":"","theme-transparent-header-meta":"","adv-header-id-meta":"","stick-header-meta":"","header-above-stick-meta":"","header-main-stick-meta":"","header-below-stick-meta":"","astra-migrate-meta-layouts":"default","ast-page-background-enabled":"default","ast-page-background-meta":{"desktop":{"background-color":"var(--ast-global-color-5)","background-image":"","background-repeat":"repeat","background-position":"center center","background-size":"auto","background-attachment":"scroll","background-type":"","background-media":"","overlay-type":"","overlay-color":"","overlay-opacity":"","overlay-gradient":""},"tablet":{"background-color":"","background-image":"","background-repeat":"repeat","background-position":"center center","background-size":"auto","background-attachment":"scroll","background-type":"","background-media":"","overlay-type":"","overlay-color":"","overlay-opacity":"","overlay-gradient":""},"mobile":{"background-color":"","background-image":"","background-repeat":"repeat","background-position":"center center","background-size":"auto","background-attachment":"scroll","background-type":"","background-media":"","overlay-type":"","overlay-color":"","overlay-opacity":"","overlay-gradient":""}},"ast-content-background-meta":{"desktop":{"background-color":"var(--ast-global-color-4)","background-image":"","background-repeat":"repeat","background-position":"center center","background-size":"auto","background-attachment":"scroll","background-type":"","background-media":"","overlay-type":"","overlay-color":"","overlay-opacity":"","overlay-gradient":""},"tablet":{"background-color":"var(--ast-global-color-4)","background-image":"","background-repeat":"repeat","background-position":"center center","background-size":"auto","background-attachment":"scroll","background-type":"","background-media":"","overlay-type":"","overlay-color":"","overlay-opacity":"","overlay-gradient":""},"mobile":{"background-color":"var(--ast-global-color-4)","background-image":"","background-repeat":"repeat","background-position":"center center","background-size":"auto","background-attachment":"scroll","background-type":"","background-media":"","overlay-type":"","overlay-color":"","overlay-opacity":"","overlay-gradient":""}},"footnotes":""},"class_list":["post-150","page","type-page","status-publish","hentry"],"_links":{"self":[{"href":"https:\/\/asbondy.asso.fr\/index.php\/wp-json\/wp\/v2\/pages\/150","targetHints":{"allow":["GET"]}}],"collection":[{"href":"https:\/\/asbondy.asso.fr\/index.php\/wp-json\/wp\/v2\/pages"}],"about":[{"href":"https:\/\/asbondy.asso.fr\/index.php\/wp-json\/wp\/v2\/types\/page"}],"author":[{"embeddable":true,"href":"https:\/\/asbondy.asso.fr\/index.php\/wp-json\/wp\/v2\/users\/1"}],"replies":[{"embeddable":true,"href":"https:\/\/asbondy.asso.fr\/index.php\/wp-json\/wp\/v2\/comments?post=150"}],"version-history":[{"count":2,"href":"https:\/\/asbondy.asso.fr\/index.php\/wp-json\/wp\/v2\/pages\/150\/revisions"}],"predecessor-version":[{"id":244,"href":"https:\/\/asbondy.asso.fr\/index.php\/wp-json\/wp\/v2\/pages\/150\/revisions\/244"}],"wp:attachment":[{"href":"https:\/\/asbondy.asso.fr\/index.php\/wp-json\/wp\/v2\/media?parent=150"}],"curies":[{"name":"wp","href":"https:\/\/api.w.org\/{rel}","templated":true}]}}